{"id":128,"date":"2025-01-24T10:31:50","date_gmt":"2025-01-24T10:31:50","guid":{"rendered":"https:\/\/myumrah.eu\/?page_id=128"},"modified":"2025-02-23T11:30:03","modified_gmt":"2025-02-23T11:30:03","slug":"about-us","status":"publish","type":"page","link":"https:\/\/myumrah.eu\/fr\/about-us\/","title":{"rendered":"\u00c0 Propos De Nous"},"content":{"rendered":"<div data-elementor-type=\"wp-page\" data-elementor-id=\"128\" class=\"elementor elementor-128\" data-elementor-post-type=\"page\">\n\t\t\t\t<div class=\"elementor-element elementor-element-6d68fccc e-flex e-con-boxed e-con e-parent\" data-id=\"6d68fccc\" data-element_type=\"container\" data-e-type=\"container\" data-settings=\"{&quot;background_background&quot;:&quot;classic&quot;}\">\n\t\t\t\t\t<div class=\"e-con-inner\">\n\t\t\t\t<div class=\"elementor-element elementor-element-7b92d257 elementor-widget elementor-widget-heading\" data-id=\"7b92d257\" data-element_type=\"widget\" data-e-type=\"widget\" data-widget_type=\"heading.default\">\n\t\t\t\t<div class=\"elementor-widget-container\">\n\t\t\t\t\t<h1 class=\"elementor-heading-title elementor-size-default\">\u00c0 Propos De Nous<\/h1>\t\t\t\t<\/div>\n\t\t\t\t<\/div>\n\t\t\t\t<div class=\"elementor-element elementor-element-198f3e55 elementor-widget elementor-widget-heading\" data-id=\"198f3e55\" data-element_type=\"widget\" data-e-type=\"widget\" data-widget_type=\"heading.default\">\n\t\t\t\t<div class=\"elementor-widget-container\">\n\t\t\t\t\t<h4 class=\"elementor-heading-title elementor-size-default\">My Umrah Votre partenaire de confiance pour les voyages de la Omra et du Hadj<\/h4>\t\t\t\t<\/div>\n\t\t\t\t<\/div>\n\t\t\t\t\t<\/div>\n\t\t\t\t<\/div>\n\t\t<div class=\"elementor-element elementor-element-2200cf0 e-flex e-con-boxed e-con e-parent\" data-id=\"2200cf0\" data-element_type=\"container\" data-e-type=\"container\">\n\t\t\t\t\t<div class=\"e-con-inner\">\n\t\t<div class=\"elementor-element elementor-element-5722602 e-con-full e-flex e-con e-child\" data-id=\"5722602\" data-element_type=\"container\" data-e-type=\"container\">\n\t\t\t\t<div class=\"elementor-element elementor-element-2a078e2a elementor-widget elementor-widget-image\" data-id=\"2a078e2a\" data-element_type=\"widget\" data-e-type=\"widget\" data-widget_type=\"image.default\">\n\t\t\t\t<div class=\"elementor-widget-container\">\n\t\t\t\t\t\t\t\t\t\t\t\t\t\t\t<img fetchpriority=\"high\" decoding=\"async\" width=\"2560\" height=\"1767\" src=\"https:\/\/myumrah.eu\/wp-content\/uploads\/2025\/01\/mecca-saudi-arabia-at-night-scaled.jpg\" class=\"attachment-full size-full wp-image-31\" alt=\"\" srcset=\"https:\/\/myumrah.eu\/wp-content\/uploads\/2025\/01\/mecca-saudi-arabia-at-night-scaled.jpg 2560w, https:\/\/myumrah.eu\/wp-content\/uploads\/2025\/01\/mecca-saudi-arabia-at-night-scaled-600x414.jpg 600w, https:\/\/myumrah.eu\/wp-content\/uploads\/2025\/01\/mecca-saudi-arabia-at-night-300x207.jpg 300w, https:\/\/myumrah.eu\/wp-content\/uploads\/2025\/01\/mecca-saudi-arabia-at-night-1024x707.jpg 1024w, https:\/\/myumrah.eu\/wp-content\/uploads\/2025\/01\/mecca-saudi-arabia-at-night-768x530.jpg 768w, https:\/\/myumrah.eu\/wp-content\/uploads\/2025\/01\/mecca-saudi-arabia-at-night-1536x1060.jpg 1536w, https:\/\/myumrah.eu\/wp-content\/uploads\/2025\/01\/mecca-saudi-arabia-at-night-2048x1414.jpg 2048w\" sizes=\"(max-width: 2560px) 100vw, 2560px\" \/>\t\t\t\t\t\t\t\t\t\t\t\t\t\t\t<\/div>\n\t\t\t\t<\/div>\n\t\t\t\t<div class=\"elementor-element elementor-element-7331c45b elementor-widget__width-initial elementor-absolute elementor-widget elementor-widget-icon-box\" data-id=\"7331c45b\" data-element_type=\"widget\" data-e-type=\"widget\" data-settings=\"{&quot;_position&quot;:&quot;absolute&quot;}\" data-widget_type=\"icon-box.default\">\n\t\t\t\t<div class=\"elementor-widget-container\">\n\t\t\t\t\t\t\t<div class=\"elementor-icon-box-wrapper\">\n\n\t\t\t\n\t\t\t\t\t\t<div class=\"elementor-icon-box-content\">\n\n\t\t\t\t\t\t\t\t\t<div class=\"elementor-icon-box-title\">\n\t\t\t\t\t\t<span  >\n\t\t\t\t\t\t\t20 +\t\t\t\t\t\t<\/span>\n\t\t\t\t\t<\/div>\n\t\t\t\t\n\t\t\t\t\t\t\t\t\t<p class=\"elementor-icon-box-description\">\n\t\t\t\t\t\tAns d&#039;Exp\u00e9rience\t\t\t\t\t<\/p>\n\t\t\t\t\n\t\t\t<\/div>\n\t\t\t\n\t\t<\/div>\n\t\t\t\t\t\t<\/div>\n\t\t\t\t<\/div>\n\t\t\t\t<div class=\"elementor-element elementor-element-72839513 elementor-widget__width-initial elementor-absolute elementor-widget elementor-widget-image\" data-id=\"72839513\" data-element_type=\"widget\" data-e-type=\"widget\" data-settings=\"{&quot;_position&quot;:&quot;absolute&quot;}\" data-widget_type=\"image.default\">\n\t\t\t\t<div class=\"elementor-widget-container\">\n\t\t\t\t\t\t\t\t\t\t\t\t\t\t\t<img decoding=\"async\" width=\"1280\" height=\"960\" src=\"https:\/\/myumrah.eu\/wp-content\/uploads\/2025\/01\/pilgrims-in-kaaba-in-macca-al-haram-umrah-socially-distanced-coronavirus-restrictions-face-mask-1.jpg\" class=\"attachment-full size-full wp-image-20\" alt=\"\" srcset=\"https:\/\/myumrah.eu\/wp-content\/uploads\/2025\/01\/pilgrims-in-kaaba-in-macca-al-haram-umrah-socially-distanced-coronavirus-restrictions-face-mask-1.jpg 1280w, https:\/\/myumrah.eu\/wp-content\/uploads\/2025\/01\/pilgrims-in-kaaba-in-macca-al-haram-umrah-socially-distanced-coronavirus-restrictions-face-mask-1-600x450.jpg 600w, https:\/\/myumrah.eu\/wp-content\/uploads\/2025\/01\/pilgrims-in-kaaba-in-macca-al-haram-umrah-socially-distanced-coronavirus-restrictions-face-mask-1-300x225.jpg 300w, https:\/\/myumrah.eu\/wp-content\/uploads\/2025\/01\/pilgrims-in-kaaba-in-macca-al-haram-umrah-socially-distanced-coronavirus-restrictions-face-mask-1-1024x768.jpg 1024w, https:\/\/myumrah.eu\/wp-content\/uploads\/2025\/01\/pilgrims-in-kaaba-in-macca-al-haram-umrah-socially-distanced-coronavirus-restrictions-face-mask-1-768x576.jpg 768w\" sizes=\"(max-width: 1280px) 100vw, 1280px\" \/>\t\t\t\t\t\t\t\t\t\t\t\t\t\t\t<\/div>\n\t\t\t\t<\/div>\n\t\t\t\t<\/div>\n\t\t<div class=\"elementor-element elementor-element-5103f48f e-con-full e-flex e-con e-child\" data-id=\"5103f48f\" data-element_type=\"container\" data-e-type=\"container\">\n\t\t\t\t<div class=\"elementor-element elementor-element-7ac21c84 elementor-widget elementor-widget-heading\" data-id=\"7ac21c84\" data-element_type=\"widget\" data-e-type=\"widget\" data-widget_type=\"heading.default\">\n\t\t\t\t<div class=\"elementor-widget-container\">\n\t\t\t\t\t<h6 class=\"elementor-heading-title elementor-size-default\">qui nous sommes?<\/h6>\t\t\t\t<\/div>\n\t\t\t\t<\/div>\n\t\t\t\t<div class=\"elementor-element elementor-element-675e27f2 elementor-widget elementor-widget-heading\" data-id=\"675e27f2\" data-element_type=\"widget\" data-e-type=\"widget\" data-widget_type=\"heading.default\">\n\t\t\t\t<div class=\"elementor-widget-container\">\n\t\t\t\t\t<h2 class=\"elementor-heading-title elementor-size-default\">Voyage de r\u00e9v\u00e9rence : L'expertise de ma Omra lib\u00e9r\u00e9e<\/h2>\t\t\t\t<\/div>\n\t\t\t\t<\/div>\n\t\t\t\t<div class=\"elementor-element elementor-element-4bd4a083 elementor-widget elementor-widget-heading\" data-id=\"4bd4a083\" data-element_type=\"widget\" data-e-type=\"widget\" data-widget_type=\"heading.default\">\n\t\t\t\t<div class=\"elementor-widget-container\">\n\t\t\t\t\t<div class=\"elementor-heading-title elementor-size-default\">Chez MyUmrah, nous nous engageons \u00e0 faire de votre p\u00e8lerinage sacr\u00e9 (Umrah et Hajj) une exp\u00e9rience transparente, spirituellement enrichissante et inoubliable. Bas\u00e9s en Belgique et au Maroc, nous sommes sp\u00e9cialis\u00e9s dans la fourniture de solutions de voyage abordables, compl\u00e8tes et m\u00e9ticuleusement planifi\u00e9es, con\u00e7ues pour r\u00e9pondre aux besoins de la communaut\u00e9 musulmane mondiale.<\/div>\t\t\t\t<\/div>\n\t\t\t\t<\/div>\n\t\t\t\t<div class=\"elementor-element elementor-element-4634d52d elementor-align-left elementor-widget elementor-widget-button\" data-id=\"4634d52d\" data-element_type=\"widget\" data-e-type=\"widget\" data-widget_type=\"button.default\">\n\t\t\t\t<div class=\"elementor-widget-container\">\n\t\t\t\t\t\t\t\t\t<div class=\"elementor-button-wrapper\">\n\t\t\t\t\t<a class=\"elementor-button elementor-button-link elementor-size-sm\" href=\"https:\/\/myumrah.eu\/fr\/packages\/\">\n\t\t\t\t\t\t<span class=\"elementor-button-content-wrapper\">\n\t\t\t\t\t\t\t\t\t<span class=\"elementor-button-text\">En savoir plus<\/span>\n\t\t\t\t\t<\/span>\n\t\t\t\t\t<\/a>\n\t\t\t\t<\/div>\n\t\t\t\t\t\t\t\t<\/div>\n\t\t\t\t<\/div>\n\t\t\t\t<\/div>\n\t\t\t\t\t<\/div>\n\t\t\t\t<\/div>\n\t\t<div class=\"elementor-element elementor-element-1e22207a e-flex e-con-boxed e-con e-parent\" data-id=\"1e22207a\" data-element_type=\"container\" data-e-type=\"container\">\n\t\t\t\t\t<div class=\"e-con-inner\">\n\t\t<div class=\"elementor-element elementor-element-6de16bb3 e-flex e-con-boxed e-con e-child\" data-id=\"6de16bb3\" data-element_type=\"container\" data-e-type=\"container\">\n\t\t\t\t\t<div class=\"e-con-inner\">\n\t\t\t\t<div class=\"elementor-element elementor-element-6adeafe3 elementor-widget elementor-widget-heading\" data-id=\"6adeafe3\" data-element_type=\"widget\" data-e-type=\"widget\" data-widget_type=\"heading.default\">\n\t\t\t\t<div class=\"elementor-widget-container\">\n\t\t\t\t\t<h6 class=\"elementor-heading-title elementor-size-default\">NOS AFFILIATIONS<\/h6>\t\t\t\t<\/div>\n\t\t\t\t<\/div>\n\t\t\t\t<div class=\"elementor-element elementor-element-2415bc57 elementor-widget elementor-widget-heading\" data-id=\"2415bc57\" data-element_type=\"widget\" data-e-type=\"widget\" data-widget_type=\"heading.default\">\n\t\t\t\t<div class=\"elementor-widget-container\">\n\t\t\t\t\t<h2 class=\"elementor-heading-title elementor-size-default\">Des marques de renomm\u00e9e mondiale et des organisations de toutes tailles auxquelles on fait confiance<\/h2>\t\t\t\t<\/div>\n\t\t\t\t<\/div>\n\t\t\t\t\t<\/div>\n\t\t\t\t<\/div>\n\t\t<div class=\"elementor-element elementor-element-969f13d e-flex e-con-boxed e-con e-child\" data-id=\"969f13d\" data-element_type=\"container\" data-e-type=\"container\">\n\t\t\t\t\t<div class=\"e-con-inner\">\n\t\t\t\t<div class=\"elementor-element elementor-element-269ec750 elementor-widget__width-initial elementor-widget elementor-widget-image\" data-id=\"269ec750\" data-element_type=\"widget\" data-e-type=\"widget\" data-widget_type=\"image.default\">\n\t\t\t\t<div class=\"elementor-widget-container\">\n\t\t\t\t\t\t\t\t\t\t\t\t\t\t\t<img decoding=\"async\" width=\"800\" height=\"503\" src=\"https:\/\/myumrah.eu\/wp-content\/uploads\/2025\/01\/Emirates-logo-8.svg\" class=\"attachment-large size-large wp-image-265\" alt=\"\" \/>\t\t\t\t\t\t\t\t\t\t\t\t\t\t\t<\/div>\n\t\t\t\t<\/div>\n\t\t\t\t<div class=\"elementor-element elementor-element-22a12015 elementor-widget__width-initial elementor-widget elementor-widget-image\" data-id=\"22a12015\" data-element_type=\"widget\" data-e-type=\"widget\" data-widget_type=\"image.default\">\n\t\t\t\t<div class=\"elementor-widget-container\">\n\t\t\t\t\t\t\t\t\t\t\t\t\t\t\t<img loading=\"lazy\" decoding=\"async\" width=\"800\" height=\"549\" src=\"https:\/\/myumrah.eu\/wp-content\/uploads\/2025\/01\/Royal-Air-Maroc-Logo-1.svg\" class=\"attachment-large size-large wp-image-268\" alt=\"\" \/>\t\t\t\t\t\t\t\t\t\t\t\t\t\t\t<\/div>\n\t\t\t\t<\/div>\n\t\t\t\t<div class=\"elementor-element elementor-element-70e6be97 elementor-widget__width-initial elementor-widget elementor-widget-image\" data-id=\"70e6be97\" data-element_type=\"widget\" data-e-type=\"widget\" data-widget_type=\"image.default\">\n\t\t\t\t<div class=\"elementor-widget-container\">\n\t\t\t\t\t\t\t\t\t\t\t\t\t\t\t<img loading=\"lazy\" decoding=\"async\" width=\"800\" height=\"450\" src=\"https:\/\/myumrah.eu\/wp-content\/uploads\/2025\/01\/Saudi-Arabian-Airlines-Logo-SVG_003.svg\" class=\"attachment-large size-large wp-image-270\" alt=\"\" \/>\t\t\t\t\t\t\t\t\t\t\t\t\t\t\t<\/div>\n\t\t\t\t<\/div>\n\t\t\t\t<div class=\"elementor-element elementor-element-60eded45 elementor-widget__width-initial elementor-widget elementor-widget-image\" data-id=\"60eded45\" data-element_type=\"widget\" data-e-type=\"widget\" data-widget_type=\"image.default\">\n\t\t\t\t<div class=\"elementor-widget-container\">\n\t\t\t\t\t\t\t\t\t\t\t\t\t\t\t<img loading=\"lazy\" decoding=\"async\" width=\"800\" height=\"503\" src=\"https:\/\/myumrah.eu\/wp-content\/uploads\/2025\/01\/Air-Arabia-Logo-SVG_001.svg\" class=\"attachment-large size-large wp-image-264\" alt=\"\" \/>\t\t\t\t\t\t\t\t\t\t\t\t\t\t\t<\/div>\n\t\t\t\t<\/div>\n\t\t\t\t<div class=\"elementor-element elementor-element-7cac0ad3 elementor-widget__width-initial elementor-widget elementor-widget-image\" data-id=\"7cac0ad3\" data-element_type=\"widget\" data-e-type=\"widget\" data-widget_type=\"image.default\">\n\t\t\t\t<div class=\"elementor-widget-container\">\n\t\t\t\t\t\t\t\t\t\t\t\t\t\t\t<img loading=\"lazy\" decoding=\"async\" width=\"800\" height=\"225\" src=\"https:\/\/myumrah.eu\/wp-content\/uploads\/2025\/01\/Qatar-Airways-Logo-1.svg\" class=\"attachment-large size-large wp-image-267\" alt=\"\" \/>\t\t\t\t\t\t\t\t\t\t\t\t\t\t\t<\/div>\n\t\t\t\t<\/div>\n\t\t\t\t\t<\/div>\n\t\t\t\t<\/div>\n\t\t\t\t\t<\/div>\n\t\t\t\t<\/div>\n\t\t<div class=\"elementor-element elementor-element-14f9198a e-flex e-con-boxed e-con e-parent\" data-id=\"14f9198a\" data-element_type=\"container\" data-e-type=\"container\" data-settings=\"{&quot;background_background&quot;:&quot;classic&quot;}\">\n\t\t\t\t\t<div class=\"e-con-inner\">\n\t\t\t\t<div class=\"elementor-element elementor-element-29fab94a elementor-widget elementor-widget-heading\" data-id=\"29fab94a\" data-element_type=\"widget\" data-e-type=\"widget\" data-widget_type=\"heading.default\">\n\t\t\t\t<div class=\"elementor-widget-container\">\n\t\t\t\t\t<h6 class=\"elementor-heading-title elementor-size-default\">En savoir plus <\/h6>\t\t\t\t<\/div>\n\t\t\t\t<\/div>\n\t\t\t\t<div class=\"elementor-element elementor-element-30f92818 elementor-widget elementor-widget-heading\" data-id=\"30f92818\" data-element_type=\"widget\" data-e-type=\"widget\" data-widget_type=\"heading.default\">\n\t\t\t\t<div class=\"elementor-widget-container\">\n\t\t\t\t\t<h2 class=\"elementor-heading-title elementor-size-default\">Voyage avec un But: Ma Omra Hajj et la Omra Excellence<\/h2>\t\t\t\t<\/div>\n\t\t\t\t<\/div>\n\t\t\t\t<div class=\"elementor-element elementor-element-5be96cfb elementor-align-center elementor-widget elementor-widget-button\" data-id=\"5be96cfb\" data-element_type=\"widget\" data-e-type=\"widget\" data-widget_type=\"button.default\">\n\t\t\t\t<div class=\"elementor-widget-container\">\n\t\t\t\t\t\t\t\t\t<div class=\"elementor-button-wrapper\">\n\t\t\t\t\t<a class=\"elementor-button elementor-button-link elementor-size-sm\" href=\"https:\/\/myumrah.eu\/fr\/packages\/\">\n\t\t\t\t\t\t<span class=\"elementor-button-content-wrapper\">\n\t\t\t\t\t\t\t\t\t<span class=\"elementor-button-text\">R\u00e9server maintenant<\/span>\n\t\t\t\t\t<\/span>\n\t\t\t\t\t<\/a>\n\t\t\t\t<\/div>\n\t\t\t\t\t\t\t\t<\/div>\n\t\t\t\t<\/div>\n\t\t\t\t\t<\/div>\n\t\t\t\t<\/div>\n\t\t<div class=\"elementor-element elementor-element-353492a1 e-flex e-con-boxed e-con e-parent\" data-id=\"353492a1\" data-element_type=\"container\" data-e-type=\"container\" data-settings=\"{&quot;background_background&quot;:&quot;classic&quot;}\">\n\t\t\t\t\t<div class=\"e-con-inner\">\n\t\t<div class=\"elementor-element elementor-element-7c6ceed7 e-con-full e-flex e-con e-child\" data-id=\"7c6ceed7\" data-element_type=\"container\" data-e-type=\"container\">\n\t\t\t\t<div class=\"elementor-element elementor-element-46d534a6 elementor-widget elementor-widget-heading\" data-id=\"46d534a6\" data-element_type=\"widget\" data-e-type=\"widget\" data-widget_type=\"heading.default\">\n\t\t\t\t<div class=\"elementor-widget-container\">\n\t\t\t\t\t<h6 class=\"elementor-heading-title elementor-size-default\">notre valeur<\/h6>\t\t\t\t<\/div>\n\t\t\t\t<\/div>\n\t\t\t\t<div class=\"elementor-element elementor-element-c7a3915 elementor-widget elementor-widget-heading\" data-id=\"c7a3915\" data-element_type=\"widget\" data-e-type=\"widget\" data-widget_type=\"heading.default\">\n\t\t\t\t<div class=\"elementor-widget-container\">\n\t\t\t\t\t<h3 class=\"elementor-heading-title elementor-size-default\">Chez MyUmrah, nous sommes guid\u00e9s par les valeurs suivantes :<\/h3>\t\t\t\t<\/div>\n\t\t\t\t<\/div>\n\t\t\t\t<div class=\"elementor-element elementor-element-2517d332 elementor-widget elementor-widget-heading\" data-id=\"2517d332\" data-element_type=\"widget\" data-e-type=\"widget\" data-widget_type=\"heading.default\">\n\t\t\t\t<div class=\"elementor-widget-container\">\n\t\t\t\t\t<div class=\"elementor-heading-title elementor-size-default\"><b> L&#039;int\u00e9grit\u00e9:<\/b>  Nous sommes honn\u00eates, transparents et \u00e9thiques dans toutes nos transactions. <br>\n<b> L&#039;Excellence:<\/b>  Nous nous effor\u00e7ons de fournir des services de la plus haute qualit\u00e9.<br>\n<b> La Compassion:<\/b>  Nous comprenons la signification spirituelle de votre voyage et nous vous traitons avec soin et respect.<br>\n<b>L&#039;Innovation:<\/b> Nous am\u00e9liorons constamment nos services pour r\u00e9pondre \u00e0 vos besoins en constante \u00e9volution.<br><\/div>\t\t\t\t<\/div>\n\t\t\t\t<\/div>\n\t\t\t\t<div class=\"elementor-element elementor-element-8903135 elementor-tablet-align-center elementor-widget elementor-widget-button\" data-id=\"8903135\" data-element_type=\"widget\" data-e-type=\"widget\" data-widget_type=\"button.default\">\n\t\t\t\t<div class=\"elementor-widget-container\">\n\t\t\t\t\t\t\t\t\t<div class=\"elementor-button-wrapper\">\n\t\t\t\t\t<a class=\"elementor-button elementor-button-link elementor-size-sm\" href=\"https:\/\/myumrah.eu\/fr\/packages\/\">\n\t\t\t\t\t\t<span class=\"elementor-button-content-wrapper\">\n\t\t\t\t\t\t\t\t\t<span class=\"elementor-button-text\">En savoir plus<\/span>\n\t\t\t\t\t<\/span>\n\t\t\t\t\t<\/a>\n\t\t\t\t<\/div>\n\t\t\t\t\t\t\t\t<\/div>\n\t\t\t\t<\/div>\n\t\t\t\t<\/div>\n\t\t<div class=\"elementor-element elementor-element-49a5f7e4 e-con-full e-flex e-con e-child\" data-id=\"49a5f7e4\" data-element_type=\"container\" data-e-type=\"container\">\n\t\t<div class=\"elementor-element elementor-element-169b203d e-con-full e-flex e-con e-child\" data-id=\"169b203d\" data-element_type=\"container\" data-e-type=\"container\" data-settings=\"{&quot;background_background&quot;:&quot;classic&quot;}\">\n\t\t<div class=\"elementor-element elementor-element-21a3b852 e-flex e-con-boxed e-con e-child\" data-id=\"21a3b852\" data-element_type=\"container\" data-e-type=\"container\" data-settings=\"{&quot;background_background&quot;:&quot;classic&quot;}\">\n\t\t\t\t\t<div class=\"e-con-inner\">\n\t\t\t\t<div class=\"elementor-element elementor-element-415e7e5f elementor-widget elementor-widget-heading\" data-id=\"415e7e5f\" data-element_type=\"widget\" data-e-type=\"widget\" data-widget_type=\"heading.default\">\n\t\t\t\t<div class=\"elementor-widget-container\">\n\t\t\t\t\t<h5 class=\"elementor-heading-title elementor-size-default\">Devenir la premi\u00e8re agence de voyage pour la Omra et le Hadj, connue pour son engagement in\u00e9branlable en faveur de la qualit\u00e9, de l'accessibilit\u00e9 financi\u00e8re et de la satisfaction des clients. Notre objectif est de faire de chaque p\u00e8lerinage une exp\u00e9rience transformatrice et m\u00e9morable pour nos clients.<\/h5>\t\t\t\t<\/div>\n\t\t\t\t<\/div>\n\t\t\t\t\t<\/div>\n\t\t\t\t<\/div>\n\t\t<div class=\"elementor-element elementor-element-54c32274 e-flex e-con-boxed e-con e-child\" data-id=\"54c32274\" data-element_type=\"container\" data-e-type=\"container\">\n\t\t\t\t\t<div class=\"e-con-inner\">\n\t\t\t\t<div class=\"elementor-element elementor-element-2367f386 elementor-absolute elementor-view-default elementor-widget elementor-widget-icon\" data-id=\"2367f386\" data-element_type=\"widget\" data-e-type=\"widget\" data-settings=\"{&quot;_position&quot;:&quot;absolute&quot;}\" data-widget_type=\"icon.default\">\n\t\t\t\t<div class=\"elementor-widget-container\">\n\t\t\t\t\t\t\t<div class=\"elementor-icon-wrapper\">\n\t\t\t<div class=\"elementor-icon\">\n\t\t\t<i aria-hidden=\"true\" class=\"icon icon-light-bulb\"><\/i>\t\t\t<\/div>\n\t\t<\/div>\n\t\t\t\t\t\t<\/div>\n\t\t\t\t<\/div>\n\t\t\t\t<div class=\"elementor-element elementor-element-7685d850 elementor-widget elementor-widget-icon-box\" data-id=\"7685d850\" data-element_type=\"widget\" data-e-type=\"widget\" data-widget_type=\"icon-box.default\">\n\t\t\t\t<div class=\"elementor-widget-container\">\n\t\t\t\t\t\t\t<div class=\"elementor-icon-box-wrapper\">\n\n\t\t\t\n\t\t\t\t\t\t<div class=\"elementor-icon-box-content\">\n\n\t\t\t\t\t\t\t\t\t<div class=\"elementor-icon-box-title\">\n\t\t\t\t\t\t<span  >\n\t\t\t\t\t\t\tnotre vision\t\t\t\t\t\t<\/span>\n\t\t\t\t\t<\/div>\n\t\t\t\t\n\t\t\t\t\t\t\t\t\t<p class=\"elementor-icon-box-description\">\n\t\t\t\t\t\tDiriger avec qualit\u00e9, confiance et attention.\t\t\t\t\t<\/p>\n\t\t\t\t\n\t\t\t<\/div>\n\t\t\t\n\t\t<\/div>\n\t\t\t\t\t\t<\/div>\n\t\t\t\t<\/div>\n\t\t\t\t\t<\/div>\n\t\t\t\t<\/div>\n\t\t\t\t<\/div>\n\t\t<div class=\"elementor-element elementor-element-9224939 e-con-full e-flex e-con e-child\" data-id=\"9224939\" data-element_type=\"container\" data-e-type=\"container\" data-settings=\"{&quot;background_background&quot;:&quot;classic&quot;}\">\n\t\t<div class=\"elementor-element elementor-element-3a4f116a e-flex e-con-boxed e-con e-child\" data-id=\"3a4f116a\" data-element_type=\"container\" data-e-type=\"container\" data-settings=\"{&quot;background_background&quot;:&quot;classic&quot;}\">\n\t\t\t\t\t<div class=\"e-con-inner\">\n\t\t\t\t<div class=\"elementor-element elementor-element-6260b1db elementor-widget elementor-widget-heading\" data-id=\"6260b1db\" data-element_type=\"widget\" data-e-type=\"widget\" data-widget_type=\"heading.default\">\n\t\t\t\t<div class=\"elementor-widget-container\">\n\t\t\t\t\t<h5 class=\"elementor-heading-title elementor-size-default\">Notre mission est de fournir des services de Omra et de Hadj exceptionnels, abordables, sans tracas et satisfaisants sur le plan spirituel. Nous nous effor\u00e7ons de faire en sorte que chaque aspect de votre voyage - du traitement des visas et des r\u00e9servations de vols aux r\u00e9servations d'h\u00f4tels et aux visites guid\u00e9es - soit trait\u00e9 avec le plus grand soin et le plus grand professionnalisme.<\/h5>\t\t\t\t<\/div>\n\t\t\t\t<\/div>\n\t\t\t\t\t<\/div>\n\t\t\t\t<\/div>\n\t\t<div class=\"elementor-element elementor-element-2443f067 e-flex e-con-boxed e-con e-child\" data-id=\"2443f067\" data-element_type=\"container\" data-e-type=\"container\">\n\t\t\t\t\t<div class=\"e-con-inner\">\n\t\t\t\t<div class=\"elementor-element elementor-element-5a471f0b elementor-absolute elementor-view-default elementor-widget elementor-widget-icon\" data-id=\"5a471f0b\" data-element_type=\"widget\" data-e-type=\"widget\" data-settings=\"{&quot;_position&quot;:&quot;absolute&quot;}\" data-widget_type=\"icon.default\">\n\t\t\t\t<div class=\"elementor-widget-container\">\n\t\t\t\t\t\t\t<div class=\"elementor-icon-wrapper\">\n\t\t\t<div class=\"elementor-icon\">\n\t\t\t<i aria-hidden=\"true\" class=\"icon icon-flower\"><\/i>\t\t\t<\/div>\n\t\t<\/div>\n\t\t\t\t\t\t<\/div>\n\t\t\t\t<\/div>\n\t\t\t\t<div class=\"elementor-element elementor-element-7113bbb8 elementor-widget elementor-widget-icon-box\" data-id=\"7113bbb8\" data-element_type=\"widget\" data-e-type=\"widget\" data-widget_type=\"icon-box.default\">\n\t\t\t\t<div class=\"elementor-widget-container\">\n\t\t\t\t\t\t\t<div class=\"elementor-icon-box-wrapper\">\n\n\t\t\t\n\t\t\t\t\t\t<div class=\"elementor-icon-box-content\">\n\n\t\t\t\t\t\t\t\t\t<div class=\"elementor-icon-box-title\">\n\t\t\t\t\t\t<span  >\n\t\t\t\t\t\t\tnotre Mision\t\t\t\t\t\t<\/span>\n\t\t\t\t\t<\/div>\n\t\t\t\t\n\t\t\t\t\t\t\t\t\t<p class=\"elementor-icon-box-description\">\n\t\t\t\t\t\tDes voyages abordables, sans souci et enrichissants sur le plan spirituel.\t\t\t\t\t<\/p>\n\t\t\t\t\n\t\t\t<\/div>\n\t\t\t\n\t\t<\/div>\n\t\t\t\t\t\t<\/div>\n\t\t\t\t<\/div>\n\t\t\t\t\t<\/div>\n\t\t\t\t<\/div>\n\t\t\t\t<\/div>\n\t\t\t\t<\/div>\n\t\t\t\t\t<\/div>\n\t\t\t\t<\/div>\n\t\t\t\t<\/div>","protected":false},"excerpt":{"rendered":"<p>My Umrah Your Trusted Partner for Umrah and Hajj Journeys 20 + Years of Experience who we are Journey of Reverence: My Umrah&#8217;s Expertise Unleashed At MyUmrah, we are dedicated to making your sacred pilgrimage to Umrah and Hajj a seamless, spiritually enriching, and unforgettable experience. Based in Belgium &amp; Morocco, we specialize in providing [&hellip;]<\/p>","protected":false},"author":1,"featured_media":0,"parent":0,"menu_order":0,"comment_status":"closed","ping_status":"closed","template":"elementor_header_footer","meta":{"_acf_changed":false,"inline_featured_image":false,"footnotes":""},"class_list":["post-128","page","type-page","status-publish","hentry"],"acf":[],"jetpack_sharing_enabled":true,"_links":{"self":[{"href":"https:\/\/myumrah.eu\/fr\/wp-json\/wp\/v2\/pages\/128","targetHints":{"allow":["GET"]}}],"collection":[{"href":"https:\/\/myumrah.eu\/fr\/wp-json\/wp\/v2\/pages"}],"about":[{"href":"https:\/\/myumrah.eu\/fr\/wp-json\/wp\/v2\/types\/page"}],"author":[{"embeddable":true,"href":"https:\/\/myumrah.eu\/fr\/wp-json\/wp\/v2\/users\/1"}],"replies":[{"embeddable":true,"href":"https:\/\/myumrah.eu\/fr\/wp-json\/wp\/v2\/comments?post=128"}],"version-history":[{"count":15,"href":"https:\/\/myumrah.eu\/fr\/wp-json\/wp\/v2\/pages\/128\/revisions"}],"predecessor-version":[{"id":949,"href":"https:\/\/myumrah.eu\/fr\/wp-json\/wp\/v2\/pages\/128\/revisions\/949"}],"wp:attachment":[{"href":"https:\/\/myumrah.eu\/fr\/wp-json\/wp\/v2\/media?parent=128"}],"curies":[{"name":"wp","href":"https:\/\/api.w.org\/{rel}","templated":true}]}}