{"id":471,"date":"2025-01-27T12:30:14","date_gmt":"2025-01-27T12:30:14","guid":{"rendered":"https:\/\/myumrah.eu\/?page_id=471"},"modified":"2025-01-27T12:31:11","modified_gmt":"2025-01-27T12:31:11","slug":"privacy-policy","status":"publish","type":"page","link":"https:\/\/myumrah.eu\/fr\/privacy-policy\/","title":{"rendered":"Politique De Confidentialit\u00e9"},"content":{"rendered":"<div data-elementor-type=\"wp-page\" data-elementor-id=\"471\" class=\"elementor elementor-471\" data-elementor-post-type=\"page\">\n\t\t\t\t<div class=\"elementor-element elementor-element-d9b417b e-flex e-con-boxed e-con e-parent\" data-id=\"d9b417b\" data-element_type=\"container\" data-e-type=\"container\">\n\t\t\t\t\t<div class=\"e-con-inner\">\n\t\t\t\t<div class=\"elementor-element elementor-element-40dac38 elementor-widget elementor-widget-spacer\" data-id=\"40dac38\" data-element_type=\"widget\" data-e-type=\"widget\" data-widget_type=\"spacer.default\">\n\t\t\t\t<div class=\"elementor-widget-container\">\n\t\t\t\t\t\t\t<div class=\"elementor-spacer\">\n\t\t\t<div class=\"elementor-spacer-inner\"><\/div>\n\t\t<\/div>\n\t\t\t\t\t\t<\/div>\n\t\t\t\t<\/div>\n\t\t\t\t\t<\/div>\n\t\t\t\t<\/div>\n\t\t<div class=\"elementor-element elementor-element-8a10b0a e-flex e-con-boxed e-con e-parent\" data-id=\"8a10b0a\" data-element_type=\"container\" data-e-type=\"container\">\n\t\t\t\t\t<div class=\"e-con-inner\">\n\t\t\t\t<div class=\"elementor-element elementor-element-8ce4745 elementor-widget elementor-widget-text-editor\" data-id=\"8ce4745\" data-element_type=\"widget\" data-e-type=\"widget\" data-widget_type=\"text-editor.default\">\n\t\t\t\t<div class=\"elementor-widget-container\">\n\t\t\t\t\t\t\t\t\t<p class=\"ng-star-inserted\"><strong class=\"ng-star-inserted\"><span class=\"ng-star-inserted\">Politique De Confidentialit\u00e9<\/span><\/strong><\/p><p class=\"ng-star-inserted\"><span class=\"ng-star-inserted\">MyUmrah.ma s&#039;engage \u00e0 prot\u00e9ger votre vie priv\u00e9e. Cette Politique de Confidentialit\u00e9 d\u00e9crit comment nous recueillons, utilisons et prot\u00e9geons vos renseignements personnels.<\/span><\/p><ol class=\"ng-star-inserted\"><li class=\"ng-star-inserted\"><p class=\"ng-star-inserted\"><span class=\"ng-star-inserted\">La Collecte Des Informations<\/span><br class=\"ng-star-inserted\" \/><span class=\"ng-star-inserted\">Nous pouvons recueillir les informations suivantes:<\/span><\/p><ul class=\"ng-star-inserted\"><li class=\"ng-star-inserted\"><p class=\"ng-star-inserted\"><span class=\"ng-star-inserted\">Informations personnelles telles que nom, adresse, email, num\u00e9ro de t\u00e9l\u00e9phone.<\/span><\/p><\/li><li class=\"ng-star-inserted\"><p class=\"ng-star-inserted\"><span class=\"ng-star-inserted\">Passeport et visa les d\u00e9tails.<\/span><\/p><\/li><li class=\"ng-star-inserted\"><p class=\"ng-star-inserted\"><span class=\"ng-star-inserted\">Les informations de paiement (m\u00eame si nous n&#039;avons pas de magasin plein de d\u00e9tails de carte de cr\u00e9dit)<\/span><\/p><\/li><li class=\"ng-star-inserted\"><p class=\"ng-star-inserted\"><span class=\"ng-star-inserted\">Des informations sur vos pr\u00e9f\u00e9rences de voyage.<\/span><\/p><\/li><\/ul><\/li><li class=\"ng-star-inserted\"><p class=\"ng-star-inserted\"><span class=\"ng-star-inserted\">L&#039;utilisation de l&#039;Information<\/span><br class=\"ng-star-inserted\" \/><span class=\"ng-star-inserted\">Nous utilisons vos informations pour:<\/span><\/p><ul class=\"ng-star-inserted\"><li class=\"ng-star-inserted\"><p class=\"ng-star-inserted\"><span class=\"ng-star-inserted\">Traitement des r\u00e9servations et les r\u00e9servations.<\/span><\/p><\/li><li class=\"ng-star-inserted\"><p class=\"ng-star-inserted\"><span class=\"ng-star-inserted\">Communiquer avec vous au sujet de vos r\u00e9servations.<\/span><\/p><\/li><li class=\"ng-star-inserted\"><p class=\"ng-star-inserted\"><span class=\"ng-star-inserted\">Soutien \u00e0 la client\u00e8le.<\/span><\/p><\/li><li class=\"ng-star-inserted\"><p class=\"ng-star-inserted\"><span class=\"ng-star-inserted\">L&#039;envoi du mat\u00e9riel de marketing qu&#039;avec votre consentement.<\/span><\/p><\/li><li class=\"ng-star-inserted\"><p class=\"ng-star-inserted\"><span class=\"ng-star-inserted\">L&#039;am\u00e9lioration de notre site et des services.<\/span><\/p><\/li><\/ul><\/li><li class=\"ng-star-inserted\"><p class=\"ng-star-inserted\"><span class=\"ng-star-inserted\">Le Partage Des Donn\u00e9es<\/span><br class=\"ng-star-inserted\" \/><span class=\"ng-star-inserted\">Nous pouvons partager vos informations avec:<\/span><\/p><ul class=\"ng-star-inserted\"><li class=\"ng-star-inserted\"><p class=\"ng-star-inserted\"><span class=\"ng-star-inserted\">Les compagnies a\u00e9riennes, les h\u00f4tels et autres fournisseurs de services.<\/span><\/p><\/li><li class=\"ng-star-inserted\"><p class=\"ng-star-inserted\"><span class=\"ng-star-inserted\">Traitement des demandes de Visa agences.<\/span><\/p><\/li><li class=\"ng-star-inserted\"><p class=\"ng-star-inserted\"><span class=\"ng-star-inserted\">Processeurs de paiement.<\/span><\/p><\/li><li class=\"ng-star-inserted\"><p class=\"ng-star-inserted\"><span class=\"ng-star-inserted\">Lorsque requis par la loi.<\/span><\/p><\/li><\/ul><\/li><li class=\"ng-star-inserted\"><p class=\"ng-star-inserted\"><span class=\"ng-star-inserted\">La S\u00e9curit\u00e9 Des Donn\u00e9es<\/span><br class=\"ng-star-inserted\" \/><span class=\"ng-star-inserted\">Nous mettons en \u0153uvre des mesures de s\u00e9curit\u00e9 appropri\u00e9es pour prot\u00e9ger vos donn\u00e9es contre tout acc\u00e8s non autoris\u00e9, la divulgation, l&#039;alt\u00e9ration ou la destruction.<\/span><\/p><\/li><li class=\"ng-star-inserted\"><p class=\"ng-star-inserted\"><span class=\"ng-star-inserted\">La Conservation Des Donn\u00e9es<\/span><br class=\"ng-star-inserted\" \/><span class=\"ng-star-inserted\">Nous conserverons vos renseignements personnels aussi longtemps que n\u00e9cessaire pour les fins d\u00e9crites dans la pr\u00e9sente politique, ou tel que requis par la loi.<\/span><\/p><\/li><li class=\"ng-star-inserted\"><p class=\"ng-star-inserted\"><span class=\"ng-star-inserted\">Vos Droits<\/span><br class=\"ng-star-inserted\" \/><span class=\"ng-star-inserted\">Vous avez le droit de:<\/span><\/p><ul class=\"ng-star-inserted\"><li class=\"ng-star-inserted\"><p class=\"ng-star-inserted\"><span class=\"ng-star-inserted\">Acc\u00e8s \u00e0 vos renseignements personnels.<\/span><\/p><\/li><li class=\"ng-star-inserted\"><p class=\"ng-star-inserted\"><span class=\"ng-star-inserted\">Corriger toute inexactitude.<\/span><\/p><\/li><li class=\"ng-star-inserted\"><p class=\"ng-star-inserted\"><span class=\"ng-star-inserted\">Demander la suppression de vos donn\u00e9es.<\/span><\/p><\/li><li class=\"ng-star-inserted\"><p class=\"ng-star-inserted\"><span class=\"ng-star-inserted\">Retirer votre consentement \u00e0 l&#039;utilisation de vos donn\u00e9es.<\/span><br class=\"ng-star-inserted\" \/><span class=\"ng-star-inserted\">Pour exercer ces droits, veuillez nous contacter \u00e0\u00a0<\/span><a class=\"ng-star-inserted\" href=\"https:\/\/www.google.com\/url?sa=E&amp;q=mailto%3Ainfo%40myumrah.eu\" target=\"_blank\" rel=\"noopener\"><span class=\"ng-star-inserted\">info@myumrah.eu.<\/span><\/a><\/p><\/li><\/ul><\/li><li class=\"ng-star-inserted\"><p class=\"ng-star-inserted\"><span class=\"ng-star-inserted\">Les Cookies<\/span><br class=\"ng-star-inserted\" \/><span class=\"ng-star-inserted\">Notre site utilise des cookies. Vous pouvez g\u00e9rer ou d\u00e9sactiver les cookies dans les param\u00e8tres de votre navigateur.<\/span><\/p><\/li><li class=\"ng-star-inserted\"><p class=\"ng-star-inserted\"><span class=\"ng-star-inserted\">Changements \u00e0 Cette Politique<\/span><br class=\"ng-star-inserted\" \/><span class=\"ng-star-inserted\">Nous nous r\u00e9servons le droit de modifier cette politique \u00e0 tout moment. Tous les changements seront affich\u00e9s sur cette page, et il est de votre responsabilit\u00e9 de relire de temps \u00e0 autre.<\/span><\/p><\/li><li class=\"ng-star-inserted\"><p class=\"ng-star-inserted\"><span class=\"ng-star-inserted\">Contactez-Nous<\/span><br class=\"ng-star-inserted\" \/><span class=\"ng-star-inserted\">Si vous avez des questions concernant cette politique de confidentialit\u00e9, veuillez nous contacter \u00e0:<\/span><br class=\"ng-star-inserted\" \/><span class=\"ng-star-inserted\">E-mail:\u00a0<\/span><a class=\"ng-star-inserted\" href=\"https:\/\/www.google.com\/url?sa=E&amp;q=mailto%3Ainfo%40myumrah.eu\" target=\"_blank\" rel=\"noopener\"><span class=\"ng-star-inserted\">info@myumrah.eu.<\/span><\/a><br class=\"ng-star-inserted\" \/><span class=\"ng-star-inserted\">T\u00e9l\u00e9phone: +32 489 08 85 85<\/span><\/p><\/li><\/ol>\t\t\t\t\t\t\t\t<\/div>\n\t\t\t\t<\/div>\n\t\t\t\t\t<\/div>\n\t\t\t\t<\/div>\n\t\t\t\t<\/div>","protected":false},"excerpt":{"rendered":"<p>Privacy Policy MyUmrah.ma is committed to protecting your privacy. This Privacy Policy outlines how we collect, use, and protect your personal information. Information CollectionWe may collect the following information: Personal information such as name, address, email, phone number. Passport and visa details. Payment information (though we do not store full credit card details) Information about [&hellip;]<\/p>","protected":false},"author":1,"featured_media":0,"parent":0,"menu_order":0,"comment_status":"closed","ping_status":"closed","template":"elementor_header_footer","meta":{"_acf_changed":false,"inline_featured_image":false,"footnotes":""},"class_list":["post-471","page","type-page","status-publish","hentry"],"acf":[],"jetpack_sharing_enabled":true,"_links":{"self":[{"href":"https:\/\/myumrah.eu\/fr\/wp-json\/wp\/v2\/pages\/471","targetHints":{"allow":["GET"]}}],"collection":[{"href":"https:\/\/myumrah.eu\/fr\/wp-json\/wp\/v2\/pages"}],"about":[{"href":"https:\/\/myumrah.eu\/fr\/wp-json\/wp\/v2\/types\/page"}],"author":[{"embeddable":true,"href":"https:\/\/myumrah.eu\/fr\/wp-json\/wp\/v2\/users\/1"}],"replies":[{"embeddable":true,"href":"https:\/\/myumrah.eu\/fr\/wp-json\/wp\/v2\/comments?post=471"}],"version-history":[{"count":0,"href":"https:\/\/myumrah.eu\/fr\/wp-json\/wp\/v2\/pages\/471\/revisions"}],"wp:attachment":[{"href":"https:\/\/myumrah.eu\/fr\/wp-json\/wp\/v2\/media?parent=471"}],"curies":[{"name":"wp","href":"https:\/\/api.w.org\/{rel}","templated":true}]}}