{"id":478,"date":"2025-01-27T12:32:48","date_gmt":"2025-01-27T12:32:48","guid":{"rendered":"https:\/\/myumrah.eu\/?page_id=478"},"modified":"2025-01-27T12:33:33","modified_gmt":"2025-01-27T12:33:33","slug":"disclaimer","status":"publish","type":"page","link":"https:\/\/myumrah.eu\/fr\/disclaimer\/","title":{"rendered":"Avertissement"},"content":{"rendered":"<div data-elementor-type=\"wp-page\" data-elementor-id=\"478\" class=\"elementor elementor-478\" data-elementor-post-type=\"page\">\n\t\t\t\t<div class=\"elementor-element elementor-element-d9b417b e-flex e-con-boxed e-con e-parent\" data-id=\"d9b417b\" data-element_type=\"container\" data-e-type=\"container\">\n\t\t\t\t\t<div class=\"e-con-inner\">\n\t\t\t\t<div class=\"elementor-element elementor-element-40dac38 elementor-widget elementor-widget-spacer\" data-id=\"40dac38\" data-element_type=\"widget\" data-e-type=\"widget\" data-widget_type=\"spacer.default\">\n\t\t\t\t<div class=\"elementor-widget-container\">\n\t\t\t\t\t\t\t<div class=\"elementor-spacer\">\n\t\t\t<div class=\"elementor-spacer-inner\"><\/div>\n\t\t<\/div>\n\t\t\t\t\t\t<\/div>\n\t\t\t\t<\/div>\n\t\t\t\t\t<\/div>\n\t\t\t\t<\/div>\n\t\t<div class=\"elementor-element elementor-element-8a10b0a e-flex e-con-boxed e-con e-parent\" data-id=\"8a10b0a\" data-element_type=\"container\" data-e-type=\"container\">\n\t\t\t\t\t<div class=\"e-con-inner\">\n\t\t\t\t<div class=\"elementor-element elementor-element-8ce4745 elementor-widget elementor-widget-text-editor\" data-id=\"8ce4745\" data-element_type=\"widget\" data-e-type=\"widget\" data-widget_type=\"text-editor.default\">\n\t\t\t\t<div class=\"elementor-widget-container\">\n\t\t\t\t\t\t\t\t\t<p class=\"ng-star-inserted\"><strong class=\"ng-star-inserted\"><span class=\"ng-star-inserted\">Avertissement<\/span><\/strong><\/p><p class=\"ng-star-inserted\"><span class=\"ng-star-inserted\">Les informations sur ce site est fournie \u00e0 titre d&#039;information g\u00e9n\u00e9rale seulement. Alors que nous nous effor\u00e7ons de garder l&#039;information \u00e0 jour et corriger, nous ne faisons aucune garantie ou repr\u00e9sentation d&#039;aucune sorte quant \u00e0 l&#039;exhaustivit\u00e9, l&#039;exactitude, la fiabilit\u00e9, la pertinence ou la disponibilit\u00e9 \u00e0 l&#039;\u00e9gard du site web ou les informations, produits, services ou \u00e9l\u00e9ments graphiques associ\u00e9s contenus sur le site web pour n&#039;importe quel but. Toute confiance que vous accordez \u00e0 ces informations est donc strictement \u00e0 vos propres risques.<\/span><\/p><p class=\"ng-star-inserted\"><span class=\"ng-star-inserted\">MyUmrah.ma n&#039;est pas responsable de toute perte ou dommage, y compris, sans limitation, les dommages indirects ou cons\u00e9cutifs, des pertes ou des dommages, ou de toute perte ou dommage d\u00e9coulant de la perte de donn\u00e9es ou de b\u00e9n\u00e9fices d\u00e9coulant de, ou en relation avec, l&#039;utilisation de ce site web.<\/span><\/p><p class=\"ng-star-inserted\"><span class=\"ng-star-inserted\">Par le biais de ce site web, vous \u00eates en mesure de relier \u00e0 d&#039;autres sites web qui ne sont pas sous le contr\u00f4le de MyUmrah.ma. Nous n&#039;avons aucun contr\u00f4le sur la nature, du contenu et de la disponibilit\u00e9 de ces sites. L&#039;inclusion de tout lien n&#039;implique pas n\u00e9cessairement une recommandation ou une approbation des points de vue exprim\u00e9s.<\/span><\/p><p class=\"ng-star-inserted\"><span class=\"ng-star-inserted\">Tous les efforts sont faits pour maintenir le site et son bon fonctionnement. Cependant, MyUmrah.ma prend aucune responsabilit\u00e9 pour, et ne sera pas responsable pour le site \u00e9tant temporairement indisponible en raison de probl\u00e8mes techniques ind\u00e9pendants de notre contr\u00f4le.<\/span><\/p><p class=\"ng-star-inserted\"><span class=\"ng-star-inserted\">Contactez-Nous:<\/span><br class=\"ng-star-inserted\" \/><span class=\"ng-star-inserted\">E-mail:\u00a0<\/span><a class=\"ng-star-inserted\" href=\"https:\/\/www.google.com\/url?sa=E&amp;q=mailto%3Ainfo%40myumrah.eu\" target=\"_blank\" rel=\"noopener\"><span class=\"ng-star-inserted\">info@myumrah.eu.<\/span><\/a><br class=\"ng-star-inserted\" \/><span class=\"ng-star-inserted\">T\u00e9l\u00e9phone: +32 489 08 85 85<\/span><\/p>\t\t\t\t\t\t\t\t<\/div>\n\t\t\t\t<\/div>\n\t\t\t\t\t<\/div>\n\t\t\t\t<\/div>\n\t\t\t\t<\/div>","protected":false},"excerpt":{"rendered":"<p>Disclaimer The information on this website is provided for general informational purposes only. While we strive to keep the information up to date and correct, we make no warranties or representations of any kind about the completeness, accuracy, reliability, suitability or availability with respect to the website or the information, products, services, or related graphics [&hellip;]<\/p>","protected":false},"author":1,"featured_media":0,"parent":0,"menu_order":0,"comment_status":"closed","ping_status":"closed","template":"elementor_header_footer","meta":{"_acf_changed":false,"inline_featured_image":false,"footnotes":""},"class_list":["post-478","page","type-page","status-publish","hentry"],"acf":[],"jetpack_sharing_enabled":true,"_links":{"self":[{"href":"https:\/\/myumrah.eu\/fr\/wp-json\/wp\/v2\/pages\/478","targetHints":{"allow":["GET"]}}],"collection":[{"href":"https:\/\/myumrah.eu\/fr\/wp-json\/wp\/v2\/pages"}],"about":[{"href":"https:\/\/myumrah.eu\/fr\/wp-json\/wp\/v2\/types\/page"}],"author":[{"embeddable":true,"href":"https:\/\/myumrah.eu\/fr\/wp-json\/wp\/v2\/users\/1"}],"replies":[{"embeddable":true,"href":"https:\/\/myumrah.eu\/fr\/wp-json\/wp\/v2\/comments?post=478"}],"version-history":[{"count":0,"href":"https:\/\/myumrah.eu\/fr\/wp-json\/wp\/v2\/pages\/478\/revisions"}],"wp:attachment":[{"href":"https:\/\/myumrah.eu\/fr\/wp-json\/wp\/v2\/media?parent=478"}],"curies":[{"name":"wp","href":"https:\/\/api.w.org\/{rel}","templated":true}]}}