{"id":486,"date":"2025-01-27T12:41:36","date_gmt":"2025-01-27T12:41:36","guid":{"rendered":"https:\/\/myumrah.eu\/?page_id=486"},"modified":"2025-02-22T17:41:18","modified_gmt":"2025-02-22T17:41:18","slug":"cookies-policy-gdpr","status":"publish","type":"page","link":"https:\/\/myumrah.eu\/fr\/cookies-policy-gdpr\/","title":{"rendered":"Cookies policy &#8211; GDPR"},"content":{"rendered":"<div data-elementor-type=\"wp-page\" data-elementor-id=\"486\" class=\"elementor elementor-486\" data-elementor-post-type=\"page\">\n\t\t\t\t<div class=\"elementor-element elementor-element-d9b417b e-flex e-con-boxed e-con e-parent\" data-id=\"d9b417b\" data-element_type=\"container\">\n\t\t\t\t\t<div class=\"e-con-inner\">\n\t\t\t\t<div class=\"elementor-element elementor-element-40dac38 elementor-widget elementor-widget-spacer\" data-id=\"40dac38\" data-element_type=\"widget\" data-widget_type=\"spacer.default\">\n\t\t\t\t<div class=\"elementor-widget-container\">\n\t\t\t\t\t\t\t<div class=\"elementor-spacer\">\n\t\t\t<div class=\"elementor-spacer-inner\"><\/div>\n\t\t<\/div>\n\t\t\t\t\t\t<\/div>\n\t\t\t\t<\/div>\n\t\t\t\t\t<\/div>\n\t\t\t\t<\/div>\n\t\t<div class=\"elementor-element elementor-element-8a10b0a e-flex e-con-boxed e-con e-parent\" data-id=\"8a10b0a\" data-element_type=\"container\">\n\t\t\t\t\t<div class=\"e-con-inner\">\n\t\t\t\t<div class=\"elementor-element elementor-element-8ce4745 elementor-widget elementor-widget-text-editor\" data-id=\"8ce4745\" data-element_type=\"widget\" data-widget_type=\"text-editor.default\">\n\t\t\t\t<div class=\"elementor-widget-container\">\n\t\t\t\t\t\t\t\t\t<p>Cette Politique d&#039;utilisation des Cookies explique comment MyUmrah.l&#039;ue utilise des cookies et autres techniques de tra\u00e7age similaires lorsque vous visitez notre site. En utilisant notre site, vous acceptez l&#039;utilisation de cookies conform\u00e9ment \u00e0 la pr\u00e9sente politique. Si vous n&#039;acceptez pas l&#039;utilisation de cookies, vous devez ajuster les param\u00e8tres de votre navigateur ou \u00e0 s&#039;abstenir d&#039;utiliser notre site web.<\/p><p><strong>1. Que Sont Les Cookies?<\/strong><\/p><p>Les Cookies sont de petits fichiers texte qui sont plac\u00e9s sur votre ordinateur, smartphone ou d&#039;autres appareils lorsque vous visitez un site web. Ils sont largement utilis\u00e9s pour faire fonctionner les sites web de mani\u00e8re efficace, am\u00e9liorer l&#039;exp\u00e9rience utilisateur, et fournir des informations aux propri\u00e9taires du site.<\/p><p><strong>2. Comment Nous Utilisons Les Cookies<\/strong><\/p><p>Nous utilisons des cookies aux fins suivantes:<\/p><p><strong>Les Cookies Essentiels:<\/strong> Ces cookies sont n\u00e9cessaires pour faire fonctionner le site correctement. Ils permettent des fonctions de base comme la page de navigation et l&#039;acc\u00e8s aux zones s\u00e9curis\u00e9es du site web. Sans ces cookies, certaines fonctionnalit\u00e9s peuvent ne pas fonctionner comme pr\u00e9vu.<\/p><p><strong>Cookies De Performance:<\/strong> Ces cookies nous aident \u00e0 comprendre comment les visiteurs interagissent avec notre site. Ils recueillent des informations sur les pages visit\u00e9es, le temps pass\u00e9 sur chaque page, et toutes les erreurs qui peuvent se produire. Nous utilisons cette information pour am\u00e9liorer le rendement du site web et l&#039;exp\u00e9rience utilisateur.<\/p><p><strong>Les Cookies De Fonctionnalit\u00e9:<\/strong> Ces cookies permettent d&#039;am\u00e9liorer les fonctionnalit\u00e9s et la personnalisation. Ils peuvent se souvenir de vos pr\u00e9f\u00e9rences, telles que vos param\u00e8tres de langue.<\/p><p><strong>Le Ciblage Ou Cookies Publicitaires:<\/strong> Ces cookies sont utilis\u00e9s pour suivre vos habitudes de navigation et de livrer la publicit\u00e9 personnalis\u00e9e. Ils peuvent \u00e9galement \u00eatre utilis\u00e9s pour limiter le nombre de fois que vous voyez une annonce particuli\u00e8re.<\/p><p><strong>3. Les Types de Cookies que Nous pouvons Utiliser<\/strong><\/p><p>Nous pouvons utiliser les types de cookies:<\/p><p><strong>Cookies De Session:<\/strong> Ces cookies sont temporaires et sont supprim\u00e9s \u00e0 partir de votre appareil lorsque vous fermez votre navigateur.<\/p><p><strong>Les Cookies Persistants:<\/strong> Ces cookies restent sur votre appareil pour une longue p\u00e9riode ou jusqu&#039;\u00e0 ce que vous les supprimiez manuellement.<\/p><p><strong>La Premi\u00e8re Partie De Cookies:<\/strong> D\u00e9finis par notre site web (MyUmrah.ma) directement.<\/p><p><strong>Les Cookies Tiers:<\/strong> Cr\u00e9\u00e9s par d&#039;autres sites web qui fournissent des fonctionnalit\u00e9s sp\u00e9cifiques ou le contenu de notre site (par exemple, les vid\u00e9os int\u00e9gr\u00e9es, les m\u00e9dias sociaux boutons de partage).<\/p><p><strong>4. Consentement \u00e0 l&#039;Utilisation des Cookies<\/strong><\/p><p>En conformit\u00e9 avec le GDPR et le royaume-UNI Loi de Protection des Donn\u00e9es, nous avons besoin de votre consentement explicite \u00e0 l&#039;utilisation de cookies non essentiels. Lorsque vous visitez notre site, il vous sera pr\u00e9sent\u00e9 avec un cookie banni\u00e8re qui vous permet de:<\/p><p><strong>Accepter Tous Les Cookies:<\/strong> Consentement \u00e0 l&#039;utilisation de tous les cookies, y compris l&#039;essentiel, les performances, les fonctionnalit\u00e9s et les cookies de ciblage.<\/p><p><strong>Rejeter Les Cookies Non Essentiels:<\/strong> Seulement essentiel les cookies seront utilis\u00e9s.<\/p><p><strong>Personnaliser Vos Pr\u00e9f\u00e9rences:<\/strong> Choisir les types de cookies que vous voulez autoriser.<\/p><p>Vous pouvez modifier vos pr\u00e9f\u00e9rences de cookies \u00e0 tout moment en visitant notre T\u00e9moin de la page des Param\u00e8tres.<\/p><p><strong>5. La Gestion Des Cookies<\/strong><\/p><p>Vous avez le droit de d\u00e9cider de l&#039;accepter ou de rejeter les cookies. Vous pouvez g\u00e9rer les cookies dans les param\u00e8tres de votre navigateur. La plupart des navigateurs vous permettent de:<\/p><p>Voir ce que les cookies sont stock\u00e9s sur votre appareil.<\/p><p>Supprimer les cookies ou tous les cookies.<\/p><p>Bloquer les cookies tiers.<\/p><p>Bloquer tous les cookies.<\/p><p>Effacer tous les cookies lorsque vous fermez votre navigateur.<\/p><p>Veuillez noter que si vous choisissez de d\u00e9sactiver tous les cookies, certaines fonctionnalit\u00e9s de notre site web peuvent ne pas fonctionner correctement, et votre exp\u00e9rience globale peut \u00eatre moins lisse.<\/p><p><strong>6. Les Cookies Tiers<\/strong><\/p><p>Notre site web peut inclure du contenu ou des fonctionnalit\u00e9s \u00e0 partir de sites web de tiers (par exemple, les vid\u00e9os int\u00e9gr\u00e9es, les m\u00e9dias sociaux boutons de partage). Ces tierces parties peuvent \u00e9galement placer des cookies sur votre appareil. Nous n&#039;avons pas de contr\u00f4le direct sur ces cookies, et vous devriez veuillez consulter les sites web de tiers pour leurs cookies politiques.<\/p><p><strong>7. Changements \u00e0 Cette Politique<\/strong><\/p><p>Nous nous r\u00e9servons le droit de modifier la pr\u00e9sente Politique en mati\u00e8re de Cookies \u00e0 tout moment. Toutes les mises \u00e0 jour seront affich\u00e9es sur cette page, et nous vous en informerons des changements importants par le biais d&#039;un avis sur notre site web ou par courriel (le cas \u00e9ch\u00e9ant). Veuillez consulter r\u00e9guli\u00e8rement la pr\u00e9sente politique de change.<\/p><p><strong>8. Vos Droits en Vertu de GDPR<\/strong><\/p><p>Sous le GDPR, vous avez les droits suivants concernant vos donn\u00e9es personnelles:<\/p><p>Droit d&#039;Acc\u00e8s: Vous pouvez demander une copie des donn\u00e9es personnelles que nous d\u00e9tenons sur vous.<\/p><p>Droit de Rectification: Vous pouvez demander la rectification de donn\u00e9es inexactes ou incompl\u00e8tes.<\/p><p>Droit \u00e0 l&#039;Effacement: Vous pouvez demander la suppression de vos donn\u00e9es personnelles.<\/p><p>Droit de Restreindre le Traitement: Vous pouvez nous demander de limiter la fa\u00e7on dont nous utilisons vos donn\u00e9es.<\/p><p>Droit de l&#039;Objet: vous pouvez Vous opposer au traitement de vos donn\u00e9es \u00e0 des fins sp\u00e9cifiques.<\/p><p>Droit \u00e0 la Portabilit\u00e9 des Donn\u00e9es: Vous pouvez demander une copie de vos donn\u00e9es dans un format lisible en machine.<\/p><p>Pour exercer l&#039;un de ces droits, veuillez nous contacter en utilisant les coordonn\u00e9es ci-dessous.<\/p><p><strong>9. Contactez-Nous<\/strong><\/p><p>Si vous avez des questions au sujet de cette Politique d&#039;utilisation des Cookies ou souhaitez exercer vos droits en vertu de la GDPR, veuillez nous contacter \u00e0:<\/p><p>E-mail: info@myumrah.eu<\/p><p>T\u00e9l\u00e9phone: +32 489 08 85 85<br \/>Adresse: Abdijstraat 241, 2020 Antwerpen, Belgique<\/p>\t\t\t\t\t\t\t\t<\/div>\n\t\t\t\t<\/div>\n\t\t\t\t\t<\/div>\n\t\t\t\t<\/div>\n\t\t\t\t<\/div>","protected":false},"excerpt":{"rendered":"<p>This Cookies Policy explains how MyUmrah.eu uses cookies and similar tracking technologies when you visit our website. By using our website, you consent to the use of cookies in accordance with this policy. If you do not agree to the use of cookies, you must adjust your browser settings or refrain from using our website. [&hellip;]<\/p>","protected":false},"author":1,"featured_media":0,"parent":0,"menu_order":0,"comment_status":"closed","ping_status":"closed","template":"elementor_header_footer","meta":{"_acf_changed":false,"inline_featured_image":false,"footnotes":""},"class_list":["post-486","page","type-page","status-publish","hentry"],"acf":[],"jetpack_sharing_enabled":true,"_links":{"self":[{"href":"https:\/\/myumrah.eu\/fr\/wp-json\/wp\/v2\/pages\/486","targetHints":{"allow":["GET"]}}],"collection":[{"href":"https:\/\/myumrah.eu\/fr\/wp-json\/wp\/v2\/pages"}],"about":[{"href":"https:\/\/myumrah.eu\/fr\/wp-json\/wp\/v2\/types\/page"}],"author":[{"embeddable":true,"href":"https:\/\/myumrah.eu\/fr\/wp-json\/wp\/v2\/users\/1"}],"replies":[{"embeddable":true,"href":"https:\/\/myumrah.eu\/fr\/wp-json\/wp\/v2\/comments?post=486"}],"version-history":[{"count":4,"href":"https:\/\/myumrah.eu\/fr\/wp-json\/wp\/v2\/pages\/486\/revisions"}],"predecessor-version":[{"id":937,"href":"https:\/\/myumrah.eu\/fr\/wp-json\/wp\/v2\/pages\/486\/revisions\/937"}],"wp:attachment":[{"href":"https:\/\/myumrah.eu\/fr\/wp-json\/wp\/v2\/media?parent=486"}],"curies":[{"name":"wp","href":"https:\/\/api.w.org\/{rel}","templated":true}]}}