{"id":1182,"date":"2025-06-26T09:30:08","date_gmt":"2025-06-26T09:30:08","guid":{"rendered":"https:\/\/myumrah.eu\/?post_type=product&#038;p=1182"},"modified":"2025-07-24T11:19:02","modified_gmt":"2025-07-24T11:19:02","slug":"qalb-and-qibla","status":"publish","type":"product","link":"https:\/\/myumrah.eu\/fr\/produit\/qalb-and-qibla\/","title":{"rendered":"Qalb &amp; Qibla"},"content":{"rendered":"<p><strong><span dir=\"ltr\" role=\"presentation\">Qalb &amp; Qibla \u2013 Une lune de miel spirituelle<br \/>\n<\/span><\/strong><span dir=\"ltr\" role=\"presentation\">Un nouveau d\u00e9part, deux c\u0153urs (Qalb) unis dans une m\u00eame direction<\/span><br role=\"presentation\" \/><span dir=\"ltr\" role=\"presentation\">connexion, de la d\u00e9votion et de l&#039;amour.<\/span><br role=\"presentation\" \/><span dir=\"ltr\" role=\"presentation\">Cette lune de miel unique est pour les couples qui souhaitent grandir ensemble \u2013 spirituellement, \u00e9motionnellement,<\/span><br role=\"presentation\" \/><span dir=\"ltr\" role=\"presentation\">et en tant que partenaires de vie.<\/span><br role=\"presentation\" \/><span dir=\"ltr\" role=\"presentation\">La paix, la r\u00e9flexion, la pri\u00e8re et l&#039;amour se r\u00e9unir dans des lieux.<\/span><br role=\"presentation\" \/><span dir=\"ltr\" role=\"presentation\">Votre voyage, nos soins. Vous pouvez donc vous concentrer sur ce qui compte vraiment: l&#039;un de l&#039;autre, et votre<\/span><br role=\"presentation\" \/><span dir=\"ltr\" role=\"presentation\">orientation commune.<\/span><\/p>","protected":false},"excerpt":{"rendered":"<p>Devis personnalis\u00e9<\/p>","protected":false},"featured_media":1488,"template":"","meta":{"_acf_changed":false,"inline_featured_image":false},"product_brand":[],"product_cat":[48],"product_tag":[57],"class_list":{"0":"post-1182","1":"product","2":"type-product","3":"status-publish","4":"has-post-thumbnail","6":"product_cat-qalb-qibla","7":"product_tag-qalb-qibla","9":"first","10":"instock","11":"shipping-taxable","12":"product-type-simple"},"acf":[],"jetpack_sharing_enabled":true,"_links":{"self":[{"href":"https:\/\/myumrah.eu\/fr\/wp-json\/wp\/v2\/product\/1182","targetHints":{"allow":["GET"]}}],"collection":[{"href":"https:\/\/myumrah.eu\/fr\/wp-json\/wp\/v2\/product"}],"about":[{"href":"https:\/\/myumrah.eu\/fr\/wp-json\/wp\/v2\/types\/product"}],"wp:featuredmedia":[{"embeddable":true,"href":"https:\/\/myumrah.eu\/fr\/wp-json\/wp\/v2\/media\/1488"}],"wp:attachment":[{"href":"https:\/\/myumrah.eu\/fr\/wp-json\/wp\/v2\/media?parent=1182"}],"wp:term":[{"taxonomy":"product_brand","embeddable":true,"href":"https:\/\/myumrah.eu\/fr\/wp-json\/wp\/v2\/product_brand?post=1182"},{"taxonomy":"product_cat","embeddable":true,"href":"https:\/\/myumrah.eu\/fr\/wp-json\/wp\/v2\/product_cat?post=1182"},{"taxonomy":"product_tag","embeddable":true,"href":"https:\/\/myumrah.eu\/fr\/wp-json\/wp\/v2\/product_tag?post=1182"}],"curies":[{"name":"wp","href":"https:\/\/api.w.org\/{rel}","templated":true}]}}