{"id":1266,"date":"2025-07-14T07:02:46","date_gmt":"2025-07-14T07:02:46","guid":{"rendered":"https:\/\/myumrah.eu\/?post_type=product&#038;p=1266"},"modified":"2025-07-24T10:18:56","modified_gmt":"2025-07-24T10:18:56","slug":"umrah-winter-holiday","status":"publish","type":"product","link":"https:\/\/myumrah.eu\/fr\/produit\/umrah-winter-holiday\/","title":{"rendered":"Omra Pendant Les Vacances D&#039;Hiver (1 Personne)"},"content":{"rendered":"<article class=\"text-token-text-primary w-full\" dir=\"auto\" data-testid=\"conversation-turn-4\" data-scroll-anchor=\"true\">\n<div class=\"text-base my-auto mx-auto py-5 [--thread-content-margin:--spacing(4)] @[37rem]:[--thread-content-margin:--spacing(6)] @[72rem]:[--thread-content-margin:--spacing(16)] px-(--thread-content-margin)\">\n<div class=\"[--thread-content-max-width:32rem] @[34rem]:[--thread-content-max-width:40rem] @[64rem]:[--thread-content-max-width:48rem] mx-auto flex max-w-(--thread-content-max-width) flex-1 text-base gap-4 md:gap-5 lg:gap-6 group\/turn-messages focus-visible:outline-hidden\" tabindex=\"-1\">\n<div class=\"group\/conversation-turn relative flex w-full min-w-0 flex-col agent-turn\">\n<div class=\"relative flex-col gap-1 md:gap-3\">\n<div class=\"flex max-w-full flex-col grow\">\n<div class=\"min-h-8 text-message relative flex w-full flex-col items-end gap-2 text-start break-words whitespace-normal [.text-message+&amp;]:mt-5\" dir=\"auto\" data-message-author-role=\"assistant\" data-message-id=\"73bc741b-99b2-40b4-aaad-71340294131e\" data-message-model-slug=\"gpt-4o\">\n<div class=\"flex w-full flex-col gap-1 empty:hidden first:pt-[3px]\">\n<div class=\"markdown prose dark:prose-invert w-full break-words light\">\n<p data-start=\"0\" data-end=\"307\"><strong data-start=\"0\" data-end=\"51\">Omra pendant les Vacances d&#039;Hiver \u2013 25 d\u00e9cembre au 4 janvier<\/strong><br data-start=\"51\" data-end=\"54\" \/>Rejoignez notre exclusif de la Omra voyage pendant les vacances d&#039;hiver et de profiter d&#039;un confort haut de gamme dans des h\u00f4tels 5 \u00e9toiles: le Hilton Suites (la Mecque) et de la Valeur de l&#039;H\u00f4tel (M\u00e9dina).<br data-start=\"202\" data-end=\"205\" data-is-only-node=\"\" \/>Ce forfait comprend le petit d\u00e9jeuner, vols, visas, h\u00f4tels, transport de terre, et un guide personnel.<\/p>\n<p data-start=\"309\" data-end=\"482\"><strong data-start=\"309\" data-end=\"344\">Prices starting from \u20ac2449 p.p.<\/strong> (based on room occupancy)<br data-start=\"370\" data-end=\"373\" \/>\ud83d\udccd Departure from Belgium<br data-start=\"398\" data-end=\"401\" \/>\ud83d\udce9 <a class=\"cursor-pointer\" rel=\"noopener\" data-start=\"404\" data-end=\"419\">info@myumrah.eu.<\/a> | \ud83c\udf0d <a class=\"\" href=\"https:\/\/myumrah.eu\/fr\/\" target=\"_new\" rel=\"noopener\" data-start=\"425\" data-end=\"439\">www.myumrah.eu<\/a><br data-start=\"439\" data-end=\"442\" \/>\ud83d\udcde +32 488 99 14 85 | +32 489 08 85 85<\/p>\n<\/div>\n<p data-start=\"309\" data-end=\"482\"><em>* If you would like to travel alone &#8211; you will be in a shared room for 4 people. For additional information please contact us<\/em><\/p>\n<div class=\"markdown prose dark:prose-invert w-full break-words light\">\n<p data-start=\"484\" data-end=\"557\" data-is-last-node=\"\" data-is-only-node=\"\">\u27a1\ufe0f Book now for a meaningful and worry-free Umrah experience this winter!<\/p>\n<\/div>\n<p data-start=\"484\" data-end=\"557\" data-is-last-node=\"\" data-is-only-node=\"\"><strong>Discover our hotels during this trip and their proximity to Makkah<\/strong><\/p>\n<p><iframe style=\"border: 0;\" src=\"https:\/\/www.google.com\/maps\/embed?pb=!1m18!1m12!1m3!1d25432.63218190079!2d39.82313540187276!3d21.421535642118997!2m3!1f0!2f0!3f0!3m2!1i1024!2i768!4f13.1!3m3!1m2!1s0x15c204b679347f05%3A0x50f5f4304df897e6!2sHilton%20Suites%20Makkah!5e0!3m2!1snl!2sbe!4v1752477578430!5m2!1snl!2sbe\" width=\"600\" height=\"450\" allowfullscreen=\"allowfullscreen\" data-mce-fragment=\"1\"><\/iframe><\/p>\n<p><iframe style=\"border: 0;\" src=\"https:\/\/www.google.com\/maps\/embed?pb=!1m18!1m12!1m3!1d28595.434195910686!2d39.62084580992179!3d24.46354469795425!2m3!1f0!2f0!3f0!3m2!1i1024!2i768!4f13.1!3m3!1m2!1s0x15bdbf004072993b%3A0xff431b0bb5bb46d!2sWorth%20Peninsula%20Madinah!5e0!3m2!1snl!2sbe!4v1752477667322!5m2!1snl!2sbe\" width=\"600\" height=\"450\" allowfullscreen=\"allowfullscreen\" data-mce-fragment=\"1\"><\/iframe><\/p>\n<\/div>\n<\/div>\n<\/div>\n<\/div>\n<\/div>\n<\/div>\n<\/div>\n<\/article>","protected":false},"excerpt":{"rendered":"<article class=\"text-token-text-primary w-full\" dir=\"auto\" data-testid=\"conversation-turn-4\" data-scroll-anchor=\"true\">\n<div class=\"text-base my-auto mx-auto py-5 [--thread-content-margin:--spacing(4)] @[37rem]:[--thread-content-margin:--spacing(6)] @[72rem]:[--thread-content-margin:--spacing(16)] px-(--thread-content-margin)\">\n<div class=\"[--thread-content-max-width:32rem] @[34rem]:[--thread-content-max-width:40rem] @[64rem]:[--thread-content-max-width:48rem] mx-auto flex max-w-(--thread-content-max-width) flex-1 text-base gap-4 md:gap-5 lg:gap-6 group\/turn-messages focus-visible:outline-hidden\" tabindex=\"-1\">\n<div class=\"group\/conversation-turn relative flex w-full min-w-0 flex-col agent-turn\">\n<div class=\"relative flex-col gap-1 md:gap-3\">\n<div class=\"flex max-w-full flex-col grow\">\n<div class=\"min-h-8 text-message relative flex w-full flex-col items-end gap-2 text-start break-words whitespace-normal [.text-message+&amp;]:mt-5\" dir=\"auto\" data-message-author-role=\"assistant\" data-message-id=\"73bc741b-99b2-40b4-aaad-71340294131e\" data-message-model-slug=\"gpt-4o\">\n<div class=\"flex w-full flex-col gap-1 empty:hidden first:pt-[3px]\">\n<div class=\"markdown prose dark:prose-invert w-full break-words light\">\n<article class=\"text-token-text-primary w-full\" dir=\"auto\" data-testid=\"conversation-turn-4\" data-scroll-anchor=\"true\">\n<div class=\"text-base my-auto mx-auto py-5 [--thread-content-margin:--spacing(4)] @[37rem]:[--thread-content-margin:--spacing(6)] @[72rem]:[--thread-content-margin:--spacing(16)] px-(--thread-content-margin)\">\n<div class=\"[--thread-content-max-width:32rem] @[34rem]:[--thread-content-max-width:40rem] @[64rem]:[--thread-content-max-width:48rem] mx-auto flex max-w-(--thread-content-max-width) flex-1 text-base gap-4 md:gap-5 lg:gap-6 group\/turn-messages focus-visible:outline-hidden\" tabindex=\"-1\">\n<div class=\"group\/conversation-turn relative flex w-full min-w-0 flex-col agent-turn\">\n<div class=\"relative flex-col gap-1 md:gap-3\">\n<div class=\"flex max-w-full flex-col grow\">\n<div class=\"min-h-8 text-message relative flex w-full flex-col items-end gap-2 text-start break-words whitespace-normal [.text-message+&amp;]:mt-5\" dir=\"auto\" data-message-author-role=\"assistant\" data-message-id=\"73bc741b-99b2-40b4-aaad-71340294131e\" data-message-model-slug=\"gpt-4o\">\n<div class=\"flex w-full flex-col gap-1 empty:hidden first:pt-[3px]\">\n<div class=\"markdown prose dark:prose-invert w-full break-words light\">\n<p data-start=\"0\" data-end=\"307\"><strong>From 25\/12\/2025 until 04\/01\/2026<\/strong><br \/>\n<em>Prices From \u20ac2449 p.p<\/em><\/p>\n<\/div>\n<\/div>\n<\/div>\n<\/div>\n<\/div>\n<\/div>\n<\/div>\n<\/div>\n<\/article>\n<\/div>\n<\/div>\n<\/div>\n<\/div>\n<\/div>\n<\/div>\n<\/div>\n<\/div>\n<\/article>","protected":false},"featured_media":1265,"template":"","meta":{"_acf_changed":false,"inline_featured_image":false},"product_brand":[],"product_cat":[39],"product_tag":[43],"class_list":{"0":"post-1266","1":"product","2":"type-product","3":"status-publish","4":"has-post-thumbnail","6":"product_cat-umrah","7":"product_tag-umrah","9":"first","10":"instock","11":"shipping-taxable","12":"purchasable","13":"product-type-variable"},"acf":[],"jetpack_sharing_enabled":true,"_links":{"self":[{"href":"https:\/\/myumrah.eu\/fr\/wp-json\/wp\/v2\/product\/1266","targetHints":{"allow":["GET"]}}],"collection":[{"href":"https:\/\/myumrah.eu\/fr\/wp-json\/wp\/v2\/product"}],"about":[{"href":"https:\/\/myumrah.eu\/fr\/wp-json\/wp\/v2\/types\/product"}],"wp:featuredmedia":[{"embeddable":true,"href":"https:\/\/myumrah.eu\/fr\/wp-json\/wp\/v2\/media\/1265"}],"wp:attachment":[{"href":"https:\/\/myumrah.eu\/fr\/wp-json\/wp\/v2\/media?parent=1266"}],"wp:term":[{"taxonomy":"product_brand","embeddable":true,"href":"https:\/\/myumrah.eu\/fr\/wp-json\/wp\/v2\/product_brand?post=1266"},{"taxonomy":"product_cat","embeddable":true,"href":"https:\/\/myumrah.eu\/fr\/wp-json\/wp\/v2\/product_cat?post=1266"},{"taxonomy":"product_tag","embeddable":true,"href":"https:\/\/myumrah.eu\/fr\/wp-json\/wp\/v2\/product_tag?post=1266"}],"curies":[{"name":"wp","href":"https:\/\/api.w.org\/{rel}","templated":true}]}}