{"id":1494,"date":"2025-07-23T10:02:50","date_gmt":"2025-07-23T10:02:50","guid":{"rendered":"https:\/\/myumrah.eu\/?post_type=product&#038;p=1494"},"modified":"2025-07-24T10:18:00","modified_gmt":"2025-07-24T10:18:00","slug":"umrah-september-2-people","status":"publish","type":"product","link":"https:\/\/myumrah.eu\/fr\/produit\/umrah-september-2-people\/","title":{"rendered":"Omra Septembre (2 Personnes)"},"content":{"rendered":"<article class=\"text-token-text-primary w-full\" dir=\"auto\" data-testid=\"conversation-turn-4\" data-scroll-anchor=\"true\">\n<div class=\"text-base my-auto mx-auto py-5 [--thread-content-margin:--spacing(4)] @[37rem]:[--thread-content-margin:--spacing(6)] @[72rem]:[--thread-content-margin:--spacing(16)] px-(--thread-content-margin)\">\n<div class=\"[--thread-content-max-width:32rem] @[34rem]:[--thread-content-max-width:40rem] @[64rem]:[--thread-content-max-width:48rem] mx-auto flex max-w-(--thread-content-max-width) flex-1 text-base gap-4 md:gap-5 lg:gap-6 group\/turn-messages focus-visible:outline-hidden\" tabindex=\"-1\">\n<div class=\"group\/conversation-turn relative flex w-full min-w-0 flex-col agent-turn\">\n<div class=\"relative flex-col gap-1 md:gap-3\">\n<div class=\"flex max-w-full flex-col grow\">\n<div class=\"min-h-8 text-message relative flex w-full flex-col items-end gap-2 text-start break-words whitespace-normal [.text-message+&amp;]:mt-5\" dir=\"auto\" data-message-author-role=\"assistant\" data-message-id=\"73bc741b-99b2-40b4-aaad-71340294131e\" data-message-model-slug=\"gpt-4o\">\n<div class=\"flex w-full flex-col gap-1 empty:hidden first:pt-[3px]\">\n<div class=\"markdown prose dark:prose-invert w-full break-words light\">\n<p data-start=\"0\" data-end=\"251\"><strong data-start=\"0\" data-end=\"50\">Omra Voyage \u2013 septembre D\u00e9part de Bruxelles<\/strong><br data-start=\"50\" data-end=\"53\" \/>Embarquez pour un voyage spirituel du 18 septembre au 27 avec un s\u00e9jour en h\u00f4tel 5 \u00e9toiles de luxe, h\u00f4tels \u00e0: Valeur (M\u00e9dina) et le Hilton Suites (la Mecque).<br data-start=\"188\" data-end=\"191\" data-is-only-node=\"\" \/>Comprend les vols, visa, h\u00f4tel, transport, et plein de conseils.<\/p>\n<p data-start=\"253\" data-end=\"379\"><strong data-start=\"253\" data-end=\"279\">Prices from \u20ac1799 p.p.<\/strong> (depending on room occupancy)<br data-start=\"309\" data-end=\"312\" \/>\ud83d\udccd Departure: Brussels<br data-start=\"334\" data-end=\"337\" \/>\ud83d\udce9 <a class=\"cursor-pointer\" rel=\"noopener\" data-start=\"340\" data-end=\"355\">info@myumrah.be<\/a> | \ud83d\udcde +32 488 99 14 85<\/p>\n<p data-start=\"381\" data-end=\"444\" data-is-last-node=\"\" data-is-only-node=\"\">\u27a1\ufe0f Book now for a peaceful and well-organized Umrah experience.<\/p>\n<\/div>\n<p data-start=\"381\" data-end=\"444\" data-is-last-node=\"\" data-is-only-node=\"\"><strong>Discover our hotels during this trip and their proximity to Makkah<\/strong><\/p>\n<\/div>\n<\/div>\n<\/div>\n<\/div>\n<\/div>\n<\/div>\n<\/div>\n<\/article>\n<div class=\"pointer-events-none h-px w-px\" aria-hidden=\"true\" data-edge=\"true\">\n<p><iframe style=\"border: 0;\" src=\"https:\/\/www.google.com\/maps\/embed?pb=!1m18!1m12!1m3!1d28595.434195910686!2d39.62084580992179!3d24.46354469795425!2m3!1f0!2f0!3f0!3m2!1i1024!2i768!4f13.1!3m3!1m2!1s0x15bdbf004072993b%3A0xff431b0bb5bb46d!2sWorth%20Peninsula%20Madinah!5e0!3m2!1snl!2sbe!4v1752477667322!5m2!1snl!2sbe\" width=\"600\" height=\"450\" allowfullscreen=\"allowfullscreen\"><\/iframe><\/p>\n<p><iframe style=\"border: 0;\" src=\"https:\/\/www.google.com\/maps\/embed?pb=!1m18!1m12!1m3!1d25432.63218190079!2d39.82313540187276!3d21.421535642118997!2m3!1f0!2f0!3f0!3m2!1i1024!2i768!4f13.1!3m3!1m2!1s0x15c204b679347f05%3A0x50f5f4304df897e6!2sHilton%20Suites%20Makkah!5e0!3m2!1snl!2sbe!4v1752477578430!5m2!1snl!2sbe\" width=\"600\" height=\"450\" allowfullscreen=\"allowfullscreen\"><\/iframe><\/p>\n<\/div>","protected":false},"excerpt":{"rendered":"<article class=\"text-token-text-primary w-full\" dir=\"auto\" data-testid=\"conversation-turn-4\" data-scroll-anchor=\"true\">\n<div class=\"text-base my-auto mx-auto py-5 [--thread-content-margin:--spacing(4)] @[37rem]:[--thread-content-margin:--spacing(6)] @[72rem]:[--thread-content-margin:--spacing(16)] px-(--thread-content-margin)\">\n<div class=\"[--thread-content-max-width:32rem] @[34rem]:[--thread-content-max-width:40rem] @[64rem]:[--thread-content-max-width:48rem] mx-auto flex max-w-(--thread-content-max-width) flex-1 text-base gap-4 md:gap-5 lg:gap-6 group\/turn-messages focus-visible:outline-hidden\" tabindex=\"-1\">\n<div class=\"group\/conversation-turn relative flex w-full min-w-0 flex-col agent-turn\">\n<div class=\"relative flex-col gap-1 md:gap-3\">\n<div class=\"flex max-w-full flex-col grow\">\n<div class=\"min-h-8 text-message relative flex w-full flex-col items-end gap-2 text-start break-words whitespace-normal [.text-message+&amp;]:mt-5\" dir=\"auto\" data-message-author-role=\"assistant\" data-message-id=\"73bc741b-99b2-40b4-aaad-71340294131e\" data-message-model-slug=\"gpt-4o\">\n<div class=\"flex w-full flex-col gap-1 empty:hidden first:pt-[3px]\">\n<div class=\"markdown prose dark:prose-invert w-full break-words light\">\n<p data-start=\"0\" data-end=\"251\"><strong>From 18\/09\/2025 until 27\/09\/2025<\/strong><br \/>\n<em>Prices From \u20ac1999 p.p.<\/em><\/p>\n<\/div>\n<\/div>\n<\/div>\n<\/div>\n<\/div>\n<\/div>\n<\/div>\n<\/div>\n<\/article>","protected":false},"featured_media":1259,"template":"","meta":{"_acf_changed":false,"inline_featured_image":false},"product_brand":[],"product_cat":[39],"product_tag":[43],"class_list":{"0":"post-1494","1":"product","2":"type-product","3":"status-publish","4":"has-post-thumbnail","6":"product_cat-umrah","7":"product_tag-umrah","9":"first","10":"instock","11":"shipping-taxable","12":"purchasable","13":"product-type-variable"},"acf":[],"jetpack_sharing_enabled":true,"_links":{"self":[{"href":"https:\/\/myumrah.eu\/fr\/wp-json\/wp\/v2\/product\/1494","targetHints":{"allow":["GET"]}}],"collection":[{"href":"https:\/\/myumrah.eu\/fr\/wp-json\/wp\/v2\/product"}],"about":[{"href":"https:\/\/myumrah.eu\/fr\/wp-json\/wp\/v2\/types\/product"}],"wp:featuredmedia":[{"embeddable":true,"href":"https:\/\/myumrah.eu\/fr\/wp-json\/wp\/v2\/media\/1259"}],"wp:attachment":[{"href":"https:\/\/myumrah.eu\/fr\/wp-json\/wp\/v2\/media?parent=1494"}],"wp:term":[{"taxonomy":"product_brand","embeddable":true,"href":"https:\/\/myumrah.eu\/fr\/wp-json\/wp\/v2\/product_brand?post=1494"},{"taxonomy":"product_cat","embeddable":true,"href":"https:\/\/myumrah.eu\/fr\/wp-json\/wp\/v2\/product_cat?post=1494"},{"taxonomy":"product_tag","embeddable":true,"href":"https:\/\/myumrah.eu\/fr\/wp-json\/wp\/v2\/product_tag?post=1494"}],"curies":[{"name":"wp","href":"https:\/\/api.w.org\/{rel}","templated":true}]}}